{"id":355,"date":"2024-08-21T11:52:19","date_gmt":"2024-08-21T11:52:19","guid":{"rendered":"https:\/\/centre-danse-studio.com\/?page_id=355"},"modified":"2025-06-05T10:01:39","modified_gmt":"2025-06-05T10:01:39","slug":"nos-danses","status":"publish","type":"page","link":"https:\/\/centre-danse-studio.com\/index.php\/nos-danses\/","title":{"rendered":"Les disciplines abord\u00e9es chez Centre Danse Studio"},"content":{"rendered":"<h2><span class=\"html-span xdj266r x14z9mp xat24cr x1lziwak xexx8yu xyri2b x18d9i69 x1c1uobl x1hl2dhg x16tdsg8 x1vvkbs x4k7w5x x1h91t0o x1h9r5lt x1jfb8zj xv2umb2 x1beo9mf xaigb6o x12ejxvf x3igimt xarpa2k xedcshv x1lytzrv x1t2pt76 x7ja8zs x1qrby5j x1mshkth\"><span class=\"x6zurak x18bv5gf x184q3qc xqxll94 x1s928wv xhkezso x1gmr53x x1cpjm7i x1fgarty x1943h6x x193iq5w xeuugli x13faqbe x1vvkbs x1lliihq xzsf02u xlh3980 xvmahel x1x9mg3 xo1l8bm\" dir=\"auto\">Coaching particulier \u00e0 domicile <\/span><\/span><\/h2>\n<div>Pour votre bien-\u00eatre et remise en forme, nous proposons des programmes personnalis\u00e9s \u00e0 domicile, au studio, en individuel ou en petit groupe, adapt\u00e9s \u00e0 votre niveau sportif et \u00e0 vos objectifs, qu\u2019il s\u2019agisse de retrouver la forme ou de perdre du poids.<\/div>\n<div>Nos programmes combinent exercices physiques (Pilates, Renfo, Circuit training, Mobilit\u00e9, Cardio) et conseils pour am\u00e9liorer votre sant\u00e9 et votre alimentation, avec des plans alimentaires sur mesure int\u00e9grant des aliments sains que vous appr\u00e9cierez, con\u00e7us pour s\u2019adapter \u00e0 votre mode de vie.<\/div>\n<div>Choisissez parmi nos formules \u00e0 l\u2019ann\u00e9e, 3, 6 ou 9 mois, avec un planning flexible, m\u00eame en journ\u00e9e, pour atteindre et maintenir vos objectifs.<\/div>\n<h2>Danse classique :<\/h2>\n<p>D\u00e9couvrez l&rsquo;\u00e9l\u00e9gance en temps pour elle de la danse classique \u00e0 travers nos cours.<br \/>\nLe danseur ou la danseuse ex\u00e9cuteront une suite de mouvement ordonn\u00e9 en alliant technique gr\u00e2ce et souplesse.<\/p>\n<div style=\"width: 1888px;\" class=\"wp-video\"><video class=\"wp-video-shortcode\" id=\"video-355-1\" width=\"1888\" height=\"1080\" preload=\"metadata\" controls=\"controls\"><source type=\"video\/mp4\" src=\"https:\/\/centre-danse-studio.com\/wp-content\/uploads\/2024\/10\/trailer_classique.mp4?_=1\" \/><a href=\"https:\/\/centre-danse-studio.com\/wp-content\/uploads\/2024\/10\/trailer_classique.mp4\">https:\/\/centre-danse-studio.com\/wp-content\/uploads\/2024\/10\/trailer_classique.mp4<\/a><\/video><\/div>\n<h2><span class=\"html-span xdj266r x14z9mp xat24cr x1lziwak xexx8yu xyri2b x18d9i69 x1c1uobl x1hl2dhg x16tdsg8 x1vvkbs x4k7w5x x1h91t0o x1h9r5lt x1jfb8zj xv2umb2 x1beo9mf xaigb6o x12ejxvf x3igimt xarpa2k xedcshv x1lytzrv x1t2pt76 x7ja8zs x1qrby5j x1mshkth\"><span class=\"x6zurak x18bv5gf x184q3qc xqxll94 x1s928wv xhkezso x1gmr53x x1cpjm7i x1fgarty x1943h6x x193iq5w xeuugli x13faqbe x1vvkbs x1lliihq xzsf02u xlh3980 xvmahel x1x9mg3 xo1l8bm\" dir=\"auto\">Cours de stretching<\/span><\/span> :<\/h2>\n<div>Un cours de stretching est une s\u00e9ance d&rsquo;exercices ax\u00e9e sur l&rsquo;\u00e9tirement des muscles pour am\u00e9liorer la souplesse, la mobilit\u00e9 et la relaxation du corps.<br \/>\nGuid\u00e9 par un instructeur, il combine des mouvements doux et contr\u00f4l\u00e9s, souvent inspir\u00e9s du yoga ou de la gymnastique, pour d\u00e9tendre les tensions, renforcer la posture et pr\u00e9venir les blessures.<\/div>\n<div>Adapt\u00e9 \u00e0 tous les niveaux, ce type de cours favorise le bien-\u00eatre physique et mental, en mettant l&rsquo;accent sur la respiration et l&rsquo;\u00e9coute du corps.<\/div>\n<h2>\u00c9veil :<\/h2>\n<p>Cours destin\u00e9s aux enfants de 4 \u00e0 6 ans qui permettent aux tout-petits de s&rsquo;initier au mouvement et rythme de la danse, de mani\u00e8re ludique et cr\u00e9ative.<br \/>\nBas\u00e9 sur des jeux, comptines, qui stimulent l&rsquo;imagination et l&rsquo;\u00e9veil sensoriel de l&rsquo;enfant tout en d\u00e9veloppant sa motricit\u00e9 et sa confiance en soi.<\/p>\n<h2>Initiation :<\/h2>\n<p>Cours destin\u00e9 aux enfants de 6 \u00e0 8 ans.<br \/>\nApproche plus structur\u00e9e de la danse. Apprentissage de chor\u00e9graphie simple qui d\u00e9veloppera leur cr\u00e9ativit\u00e9, musicalit\u00e9 et technique, tout en favorisant la socialisation et la coop\u00e9ration au sein du groupe.<\/p>\n<h2>Jazz&nbsp;:<\/h2>\n<p>D\u00e9couvrez l&rsquo;\u00e9nergie et la dynamique du jazz qui vous feront vibrer au rythme des musiques entra\u00eenantes.<br \/>\nLe cours est bas\u00e9 sur le travail de l&rsquo;\u00e9nergie, rythme syncop\u00e9, les arr\u00eats, les silences, la dynamique et la surprise, tout en favorisant l&rsquo;expression individuelle et le feeling.<\/p>\n<div style=\"width: 1516px;\" class=\"wp-video\"><video class=\"wp-video-shortcode\" id=\"video-355-2\" width=\"1516\" height=\"1080\" preload=\"metadata\" controls=\"controls\"><source type=\"video\/mp4\" src=\"https:\/\/centre-danse-studio.com\/wp-content\/uploads\/2024\/10\/jazz.mp4?_=2\" \/><a href=\"https:\/\/centre-danse-studio.com\/wp-content\/uploads\/2024\/10\/jazz.mp4\">https:\/\/centre-danse-studio.com\/wp-content\/uploads\/2024\/10\/jazz.mp4<\/a><\/video><\/div>\n<h2>Street jazz&nbsp;:<\/h2>\n<p>Les amateurs de danse urbaine, girly, hip-hop et Street. Le cours m\u00eale les influences hip-hop, jazz et girly.<br \/>\nCours dynamique, sur des musiques actuelles qui d\u00e9velopperont votre style personnel tout en apprenant des chor\u00e9graphies originales et rythm\u00e9es.<\/p>\n<h2>Pil\u00e2tes&nbsp;:<\/h2>\n<p>Renforcement du corps en profondeur et am\u00e9lioration de la posture.<br \/>\nCe cours allie renforcement musculaire, souplesse et respiration. Id\u00e9al pour tous ceux qui souhaitent retrouver un \u00e9quilibre physique et mental.<br \/>\nLe Pil\u00e2tes vous permettra de vous tonifier en douceur.<\/p>\n<h2>Circuit training :<\/h2>\n<p>D\u00e9couvrez l&rsquo;intensit\u00e9 et l&rsquo;efficacit\u00e9 du circuit training point une m\u00e9thode d&rsquo;entra\u00eenement compl\u00e8te qui combine cardio, renforcement musculaire et endurance.<br \/>\nNotre programme vous permettra de br\u00fbler des calories, d&rsquo;am\u00e9liorer votre condition physique g\u00e9n\u00e9rale, et de tonifier l&rsquo;ensemble de votre corps avec des exercices vari\u00e9s et adapt\u00e9s \u00e0 votre niveau. Nos s\u00e9ances vous garantissent des r\u00e9sultats rapides et durables.<\/p>\n<h2>Barre au sol :<\/h2>\n<p>Pratique plus douce que le circuit training, inspir\u00e9 de la danse classique.<br \/>\nLe cours de barre au sol est une discipline accessible \u00e0 tous, qui permet de prendre soin de son corps avec des exercices au sol et des \u00e9tirements.<br \/>\nCe cours vous apportera bien-\u00eatre et tonicit\u00e9 musculaire.<\/p>\n<h2>Th\u00e9\u00e2tre :<\/h2>\n<p>Pour les passionn\u00e9s de th\u00e9\u00e2tre et d&rsquo;expression sc\u00e9nique, nos cours vous offrent c&rsquo;est la possibilit\u00e9 de d\u00e9velopper votre jeu d&rsquo;acteur, votre pr\u00e9sence sc\u00e9nique et la confiance en soi.<br \/>\nQue vous souhaitiez explorer des personnages ou perfectionner votre diction, nos ateliers seront vous \u00e9panouir artistiquement.<\/p>\n<h2>Danse contemporaine :<\/h2>\n<p>La danse contemporaine laisse une large place \u00e0 la libert\u00e9 et \u00e0 la cr\u00e9ation.<br \/>\nTr\u00e8s artistique, elle se travaille sans artifice, souvent pieds nus. La danse contemporaine sert essentiellement \u00e0 exprimer des \u00e9motions personnelles \u00e0 travers le mouvement.<br \/>\nAvec elle, tout est une question de ressenti li\u00e9 \u00e0 la musique et au moment pr\u00e9sent.<\/p>\n<p>Adapt\u00e9e pour tout danseur.<\/p>\n","protected":false},"excerpt":{"rendered":"<p>Coaching particulier \u00e0 domicile Pour votre bien-\u00eatre et remise en forme, nous proposons des programmes personnalis\u00e9s \u00e0 domicile, au studio, en individuel ou en petit groupe, adapt\u00e9s \u00e0 votre niveau sportif et \u00e0 vos objectifs, qu\u2019il s\u2019agisse de retrouver la forme ou de perdre du poids. Nos programmes combinent exercices physiques (Pilates, Renfo, Circuit training, [&hellip;]<\/p>\n","protected":false},"author":1,"featured_media":295,"parent":0,"menu_order":0,"comment_status":"closed","ping_status":"closed","template":"","meta":{"ngg_post_thumbnail":0,"footnotes":""},"class_list":["post-355","page","type-page","status-publish","has-post-thumbnail","hentry"],"yoast_head":"<!-- This site is optimized with the Yoast SEO plugin v27.6 - https:\/\/yoast.com\/product\/yoast-seo-wordpress\/ -->\n<title>Les disciplines abord\u00e9es chez Centre Danse Studio - Centre Danse Studio<\/title>\n<meta name=\"robots\" content=\"index, follow, max-snippet:-1, max-image-preview:large, max-video-preview:-1\" \/>\n<link rel=\"canonical\" href=\"https:\/\/centre-danse-studio.com\/index.php\/nos-danses\/\" \/>\n<meta property=\"og:locale\" content=\"fr_FR\" \/>\n<meta property=\"og:type\" content=\"article\" \/>\n<meta property=\"og:title\" content=\"Les disciplines abord\u00e9es chez Centre Danse Studio - Centre Danse Studio\" \/>\n<meta property=\"og:description\" content=\"Coaching particulier \u00e0 domicile Pour votre bien-\u00eatre et remise en forme, nous proposons des programmes personnalis\u00e9s \u00e0 domicile, au studio, en individuel ou en petit groupe, adapt\u00e9s \u00e0 votre niveau sportif et \u00e0 vos objectifs, qu\u2019il s\u2019agisse de retrouver la forme ou de perdre du poids. Nos programmes combinent exercices physiques (Pilates, Renfo, Circuit training, [&hellip;]\" \/>\n<meta property=\"og:url\" content=\"https:\/\/centre-danse-studio.com\/index.php\/nos-danses\/\" \/>\n<meta property=\"og:site_name\" content=\"Centre Danse Studio\" \/>\n<meta property=\"article:modified_time\" content=\"2025-06-05T10:01:39+00:00\" \/>\n<meta property=\"og:image\" content=\"https:\/\/centre-danse-studio.com\/wp-content\/uploads\/2024\/06\/nggallery_import\/ctp-3.jpg\" \/>\n\t<meta property=\"og:image:width\" content=\"1800\" \/>\n\t<meta property=\"og:image:height\" content=\"1200\" \/>\n\t<meta property=\"og:image:type\" content=\"image\/jpeg\" \/>\n<meta name=\"twitter:card\" content=\"summary_large_image\" \/>\n<meta name=\"twitter:label1\" content=\"Dur\u00e9e de lecture estim\u00e9e\" \/>\n\t<meta name=\"twitter:data1\" content=\"4 minutes\" \/>\n<script type=\"application\/ld+json\" class=\"yoast-schema-graph\">{\"@context\":\"https:\\\/\\\/schema.org\",\"@graph\":[{\"@type\":\"WebPage\",\"@id\":\"https:\\\/\\\/centre-danse-studio.com\\\/index.php\\\/nos-danses\\\/\",\"url\":\"https:\\\/\\\/centre-danse-studio.com\\\/index.php\\\/nos-danses\\\/\",\"name\":\"Les disciplines abord\u00e9es chez Centre Danse Studio - Centre Danse Studio\",\"isPartOf\":{\"@id\":\"https:\\\/\\\/centre-danse-studio.com\\\/#website\"},\"primaryImageOfPage\":{\"@id\":\"https:\\\/\\\/centre-danse-studio.com\\\/index.php\\\/nos-danses\\\/#primaryimage\"},\"image\":{\"@id\":\"https:\\\/\\\/centre-danse-studio.com\\\/index.php\\\/nos-danses\\\/#primaryimage\"},\"thumbnailUrl\":\"https:\\\/\\\/centre-danse-studio.com\\\/wp-content\\\/uploads\\\/2024\\\/06\\\/nggallery_import\\\/ctp-3.jpg\",\"datePublished\":\"2024-08-21T11:52:19+00:00\",\"dateModified\":\"2025-06-05T10:01:39+00:00\",\"breadcrumb\":{\"@id\":\"https:\\\/\\\/centre-danse-studio.com\\\/index.php\\\/nos-danses\\\/#breadcrumb\"},\"inLanguage\":\"fr-FR\",\"potentialAction\":[{\"@type\":\"ReadAction\",\"target\":[\"https:\\\/\\\/centre-danse-studio.com\\\/index.php\\\/nos-danses\\\/\"]}]},{\"@type\":\"ImageObject\",\"inLanguage\":\"fr-FR\",\"@id\":\"https:\\\/\\\/centre-danse-studio.com\\\/index.php\\\/nos-danses\\\/#primaryimage\",\"url\":\"https:\\\/\\\/centre-danse-studio.com\\\/wp-content\\\/uploads\\\/2024\\\/06\\\/nggallery_import\\\/ctp-3.jpg\",\"contentUrl\":\"https:\\\/\\\/centre-danse-studio.com\\\/wp-content\\\/uploads\\\/2024\\\/06\\\/nggallery_import\\\/ctp-3.jpg\",\"width\":1800,\"height\":1200},{\"@type\":\"BreadcrumbList\",\"@id\":\"https:\\\/\\\/centre-danse-studio.com\\\/index.php\\\/nos-danses\\\/#breadcrumb\",\"itemListElement\":[{\"@type\":\"ListItem\",\"position\":1,\"name\":\"Home\",\"item\":\"https:\\\/\\\/centre-danse-studio.com\\\/\"},{\"@type\":\"ListItem\",\"position\":2,\"name\":\"Les disciplines abord\u00e9es chez Centre Danse Studio\"}]},{\"@type\":\"WebSite\",\"@id\":\"https:\\\/\\\/centre-danse-studio.com\\\/#website\",\"url\":\"https:\\\/\\\/centre-danse-studio.com\\\/\",\"name\":\"Centre Danse Studio\",\"description\":\"\",\"potentialAction\":[{\"@type\":\"SearchAction\",\"target\":{\"@type\":\"EntryPoint\",\"urlTemplate\":\"https:\\\/\\\/centre-danse-studio.com\\\/?s={search_term_string}\"},\"query-input\":{\"@type\":\"PropertyValueSpecification\",\"valueRequired\":true,\"valueName\":\"search_term_string\"}}],\"inLanguage\":\"fr-FR\"}]}<\/script>\n<!-- \/ Yoast SEO plugin. -->","yoast_head_json":{"title":"Les disciplines abord\u00e9es chez Centre Danse Studio - Centre Danse Studio","robots":{"index":"index","follow":"follow","max-snippet":"max-snippet:-1","max-image-preview":"max-image-preview:large","max-video-preview":"max-video-preview:-1"},"canonical":"https:\/\/centre-danse-studio.com\/index.php\/nos-danses\/","og_locale":"fr_FR","og_type":"article","og_title":"Les disciplines abord\u00e9es chez Centre Danse Studio - Centre Danse Studio","og_description":"Coaching particulier \u00e0 domicile Pour votre bien-\u00eatre et remise en forme, nous proposons des programmes personnalis\u00e9s \u00e0 domicile, au studio, en individuel ou en petit groupe, adapt\u00e9s \u00e0 votre niveau sportif et \u00e0 vos objectifs, qu\u2019il s\u2019agisse de retrouver la forme ou de perdre du poids. Nos programmes combinent exercices physiques (Pilates, Renfo, Circuit training, [&hellip;]","og_url":"https:\/\/centre-danse-studio.com\/index.php\/nos-danses\/","og_site_name":"Centre Danse Studio","article_modified_time":"2025-06-05T10:01:39+00:00","og_image":[{"width":1800,"height":1200,"url":"https:\/\/centre-danse-studio.com\/wp-content\/uploads\/2024\/06\/nggallery_import\/ctp-3.jpg","type":"image\/jpeg"}],"twitter_card":"summary_large_image","twitter_misc":{"Dur\u00e9e de lecture estim\u00e9e":"4 minutes"},"schema":{"@context":"https:\/\/schema.org","@graph":[{"@type":"WebPage","@id":"https:\/\/centre-danse-studio.com\/index.php\/nos-danses\/","url":"https:\/\/centre-danse-studio.com\/index.php\/nos-danses\/","name":"Les disciplines abord\u00e9es chez Centre Danse Studio - Centre Danse Studio","isPartOf":{"@id":"https:\/\/centre-danse-studio.com\/#website"},"primaryImageOfPage":{"@id":"https:\/\/centre-danse-studio.com\/index.php\/nos-danses\/#primaryimage"},"image":{"@id":"https:\/\/centre-danse-studio.com\/index.php\/nos-danses\/#primaryimage"},"thumbnailUrl":"https:\/\/centre-danse-studio.com\/wp-content\/uploads\/2024\/06\/nggallery_import\/ctp-3.jpg","datePublished":"2024-08-21T11:52:19+00:00","dateModified":"2025-06-05T10:01:39+00:00","breadcrumb":{"@id":"https:\/\/centre-danse-studio.com\/index.php\/nos-danses\/#breadcrumb"},"inLanguage":"fr-FR","potentialAction":[{"@type":"ReadAction","target":["https:\/\/centre-danse-studio.com\/index.php\/nos-danses\/"]}]},{"@type":"ImageObject","inLanguage":"fr-FR","@id":"https:\/\/centre-danse-studio.com\/index.php\/nos-danses\/#primaryimage","url":"https:\/\/centre-danse-studio.com\/wp-content\/uploads\/2024\/06\/nggallery_import\/ctp-3.jpg","contentUrl":"https:\/\/centre-danse-studio.com\/wp-content\/uploads\/2024\/06\/nggallery_import\/ctp-3.jpg","width":1800,"height":1200},{"@type":"BreadcrumbList","@id":"https:\/\/centre-danse-studio.com\/index.php\/nos-danses\/#breadcrumb","itemListElement":[{"@type":"ListItem","position":1,"name":"Home","item":"https:\/\/centre-danse-studio.com\/"},{"@type":"ListItem","position":2,"name":"Les disciplines abord\u00e9es chez Centre Danse Studio"}]},{"@type":"WebSite","@id":"https:\/\/centre-danse-studio.com\/#website","url":"https:\/\/centre-danse-studio.com\/","name":"Centre Danse Studio","description":"","potentialAction":[{"@type":"SearchAction","target":{"@type":"EntryPoint","urlTemplate":"https:\/\/centre-danse-studio.com\/?s={search_term_string}"},"query-input":{"@type":"PropertyValueSpecification","valueRequired":true,"valueName":"search_term_string"}}],"inLanguage":"fr-FR"}]}},"_links":{"self":[{"href":"https:\/\/centre-danse-studio.com\/index.php\/wp-json\/wp\/v2\/pages\/355","targetHints":{"allow":["GET"]}}],"collection":[{"href":"https:\/\/centre-danse-studio.com\/index.php\/wp-json\/wp\/v2\/pages"}],"about":[{"href":"https:\/\/centre-danse-studio.com\/index.php\/wp-json\/wp\/v2\/types\/page"}],"author":[{"embeddable":true,"href":"https:\/\/centre-danse-studio.com\/index.php\/wp-json\/wp\/v2\/users\/1"}],"replies":[{"embeddable":true,"href":"https:\/\/centre-danse-studio.com\/index.php\/wp-json\/wp\/v2\/comments?post=355"}],"version-history":[{"count":12,"href":"https:\/\/centre-danse-studio.com\/index.php\/wp-json\/wp\/v2\/pages\/355\/revisions"}],"predecessor-version":[{"id":513,"href":"https:\/\/centre-danse-studio.com\/index.php\/wp-json\/wp\/v2\/pages\/355\/revisions\/513"}],"wp:featuredmedia":[{"embeddable":true,"href":"https:\/\/centre-danse-studio.com\/index.php\/wp-json\/wp\/v2\/media\/295"}],"wp:attachment":[{"href":"https:\/\/centre-danse-studio.com\/index.php\/wp-json\/wp\/v2\/media?parent=355"}],"curies":[{"name":"wp","href":"https:\/\/api.w.org\/{rel}","templated":true}]}}